{"id":37,"date":"2013-11-05T01:18:28","date_gmt":"2013-11-05T06:18:28","guid":{"rendered":"http:\/\/proyectosfie.com\/renovado\/?page_id=37"},"modified":"2013-11-05T21:15:29","modified_gmt":"2013-11-06T02:15:29","slug":"diseno-de-placas","status":"publish","type":"page","link":"http:\/\/proyectosfie.com\/renovado\/electronica\/diseno-de-placas\/","title":{"rendered":"Dise\u00f1o de Placas"},"content":{"rendered":"<p align=\"center\"><img loading=\"lazy\" class=\"alignnone\" alt=\"\" src=\"http:\/\/proyectosfie.com\/images\/logo_pcb.jpg\" width=\"520\" height=\"100\" \/><\/p>\n<p align=\"center\"><strong>.:: Dise\u00f1o de Placas\u00a0 ::.<\/strong><\/p>\n<p align=\"left\">Aqu\u00ed encontraras Informaci\u00f3n sobre distintos dise\u00f1adores de Esquemas y Placas y como hacer tu circuito impreso final, usando distintos m\u00e9todos, por Fotolitos, Papel especial y el m\u00e9todo serigr\u00e1fico (que es el que yo uso)<\/p>\n<p><a href=\"#Orcad\"><strong>ORCAD<\/strong><\/a>\u00a0\u00a0\u00a0\u00a0\u00a0\u00a0<a href=\"#Ares\"><strong>Proteus &#8211; ARES<\/strong><\/a>\u00a0\u00a0\u00a0\u00a0\u00a0\u00a0<a href=\"#Eagle\"><strong>EAGLE<\/strong><\/a>\u00a0\u00a0\u00a0\u00a0\u00a0<strong>\u00a0<a href=\"#Placas\">Construcci\u00f3n de Placas<\/a><\/strong><\/p>\n<hr \/>\n<p align=\"center\"><strong><span style=\"text-decoration: underline;\"><a id=\"Orcad\" name=\"Orcad\"><\/a>ORCAD<\/span><\/strong><\/p>\n<p align=\"left\"><a href=\"http:\/\/proyectosfie.webcindario.com\/orcad\/Curso%20ORCAD%20Clase1.zip\">ESQUEMAS<\/a>\u00a0 New!!!<\/p>\n<p align=\"left\"><a href=\"http:\/\/proyectosfie.webcindario.com\/orcad\/Curso%20ORCAD%20Clase2.pdf\">Simulaci\u00f3n.<\/a>\u00a0 New!!!<\/p>\n<p align=\"left\"><a href=\"http:\/\/proyectosfie.webcindario.com\/orcad\/Curso%20ORCAD%20Clase3.pdf\">Librerias, Esquemas<\/a>\u00a0\u00a0 New!!!<\/p>\n<p align=\"left\"><a href=\"http:\/\/proyectosfie.webcindario.com\/orcad\/Curso%20ORCAD%20Clase4%20Parte%20I.pdf\">LAYOUT<\/a>\u00a0\u00a0 New!!!<\/p>\n<p align=\"left\"><a href=\"http:\/\/proyectosfie.webcindario.com\/orcad\/Curso%20ORCAD%20Clase4%20Parte%20II.pdf\">Librerias, Layout<\/a>\u00a0\u00a0 New!!!<\/p>\n<p align=\"center\"><strong><span style=\"text-decoration: underline;\"><a id=\"Ares\" name=\"Ares\"><\/a>PROTEUS &#8211; ARES<\/span><\/strong><\/p>\n<p align=\"left\"><a href=\"http:\/\/www.gratisweb.com\/yoelocmin\/proteus\/Proteus.chm\">ESQUEMAS<\/a><\/p>\n<p align=\"left\"><a href=\"http:\/\/www.gratisweb.com\/yoelocmin\/proteus\/Proteus.chm\">Simulaci\u00f3n.<\/a><\/p>\n<p align=\"left\"><a href=\"http:\/\/www.gratisweb.com\/yoelocmin\/proteus\/Proteus.chm\">Librerias, Esquemas, creacion de Modelos simples<\/a><\/p>\n<p align=\"left\"><a href=\"http:\/\/www.gratisweb.com\/yoelocmin\/proteus\/Proteus.chm\">LAYOUT<\/a><\/p>\n<p align=\"left\"><a href=\"http:\/\/proyectosfie.webcindario.com\/documentos\/proteus\/Creation%20VSM%20-%20Modelos%20Digitales.PDF\">Librerias, Layout, creacion de componentes simples<\/a>\u00a0 New!!!<\/p>\n<p align=\"left\"><a href=\"http:\/\/proyectosfie.webcindario.com\/documentos\/proteus\/Creation%20VSM%20-%20Modelos%20Componentes%20Electronicos.PDF\">Creacion de Modelos para Simulaci\u00f3n<\/a>\u00a0 New!!!<\/p>\n<p align=\"center\"><strong><span style=\"text-decoration: underline;\"><a id=\"Eagle\" name=\"Eagle\"><\/a>EAGLE<\/span><\/strong><\/p>\n<p align=\"left\"><a href=\"http:\/\/proyectosfie.webcindario.com\/documentos\/apunte_del_eagle.pdf\">Apuntes Eagle\u00a0<\/a>\u00a0 New!!!<br \/>\nDe Manera r\u00e1pida nos ense\u00f1a a usar este excelente Software<\/p>\n<p align=\"left\"><a href=\"http:\/\/proyectosfie.webcindario.com\/documentos\/tutoeagle1.pdf\">Tutorial Traducido Parte 1<\/a>\u00a0 New!!!\u00a0\u00a0 Es Una Colaboraci\u00f3n de\u00a0<a href=\"mailto:jaimepala@sbcglobal.net\">Jaime Palacios<\/a><br \/>\nComprende los T\u00f3picos:<br \/>\nInstalaci\u00f3n, entorno, creacion de proyectos, creaci\u00f3n de esquematicos, creacion del Board, Autoruteado, y mucho m\u00e1s.<\/p>\n<p align=\"left\"><a href=\"http:\/\/proyectosfie.webcindario.com\/documentos\/tutoeagle2.pdf\">Tutorial Traducido Parte 2<\/a>\u00a0 New!!!\u00a0\u00a0 Es Una Colaboraci\u00f3n de\u00a0<a href=\"mailto:jaimepala@sbcglobal.net\">Jaime Palacios<\/a><br \/>\nComprende los T\u00f3picos:<br \/>\nCreaci\u00f3n de simbolos, ajuste de pines, t\u00e9cnicas de eleaboraci\u00f3n de esquematicos, t\u00e9cnica de fabricaci\u00f3n de tarjetas y mucho m\u00e1s<\/p>\n<p align=\"center\"><strong><span style=\"text-decoration: underline;\"><a id=\"Placas\" name=\"Placas\"><\/a>Construcci\u00f3n de Placas<\/span><\/strong><\/p>\n<p align=\"left\">M\u00e9todo Serigr\u00e1fico<\/p>\n<p align=\"left\">M\u00e9todo Fotolitos<\/p>\n<p align=\"left\">M\u00e9todo Papel Especial, o Satinado<\/p>\n","protected":false},"excerpt":{"rendered":"<p>.:: Dise\u00f1o de Placas\u00a0 ::. Aqu\u00ed encontraras Informaci\u00f3n sobre distintos dise\u00f1adores de Esquemas y Placas y como hacer tu circuito impreso final, usando distintos m\u00e9todos, por Fotolitos, Papel especial y el m\u00e9todo serigr\u00e1fico (que es el que yo uso) ORCAD\u00a0\u00a0\u00a0\u00a0\u00a0\u00a0Proteus &#8211; ARES\u00a0\u00a0\u00a0\u00a0\u00a0\u00a0EAGLE\u00a0\u00a0\u00a0\u00a0\u00a0\u00a0Construcci\u00f3n de Placas ORCAD ESQUEMAS\u00a0 New!!! Simulaci\u00f3n.\u00a0 New!!! Librerias, Esquemas\u00a0\u00a0 New!!! LAYOUT\u00a0\u00a0 New!!! Librerias, &hellip; <a href=\"http:\/\/proyectosfie.com\/renovado\/electronica\/diseno-de-placas\/\" class=\"more-link\">Contin\u00fae leyendo <span class=\"screen-reader-text\">Dise\u00f1o de Placas<\/span> <span class=\"meta-nav\">&rarr;<\/span><\/a><\/p>\n","protected":false},"author":1,"featured_media":0,"parent":25,"menu_order":0,"comment_status":"open","ping_status":"open","template":"","meta":[],"yoast_head":"<!-- This site is optimized with the Yoast SEO plugin v15.9.2 - https:\/\/yoast.com\/wordpress\/plugins\/seo\/ -->\n<link rel=\"canonical\" href=\"http:\/\/proyectosfie.com\/renovado\/electronica\/diseno-de-placas\/\" \/>\n<meta property=\"og:locale\" content=\"es_ES\" \/>\n<meta property=\"og:type\" content=\"article\" \/>\n<meta property=\"og:title\" content=\"Dise\u00f1o de Placas - .:: Proyectosfie.Com ::.\" \/>\n<meta property=\"og:description\" content=\".:: Dise\u00f1o de Placas\u00a0 ::. Aqu\u00ed encontraras Informaci\u00f3n sobre distintos dise\u00f1adores de Esquemas y Placas y como hacer tu circuito impreso final, usando distintos m\u00e9todos, por Fotolitos, Papel especial y el m\u00e9todo serigr\u00e1fico (que es el que yo uso) ORCAD\u00a0\u00a0\u00a0\u00a0\u00a0\u00a0Proteus &#8211; ARES\u00a0\u00a0\u00a0\u00a0\u00a0\u00a0EAGLE\u00a0\u00a0\u00a0\u00a0\u00a0\u00a0Construcci\u00f3n de Placas ORCAD ESQUEMAS\u00a0 New!!! Simulaci\u00f3n.\u00a0 New!!! Librerias, Esquemas\u00a0\u00a0 New!!! LAYOUT\u00a0\u00a0 New!!! Librerias, &hellip; Contin\u00fae leyendo Dise\u00f1o de Placas &rarr;\" \/>\n<meta property=\"og:url\" content=\"http:\/\/proyectosfie.com\/renovado\/electronica\/diseno-de-placas\/\" \/>\n<meta property=\"og:site_name\" content=\".:: Proyectosfie.Com ::.\" \/>\n<meta property=\"article:publisher\" content=\"http:\/\/facebook.com\/yocmin\" \/>\n<meta property=\"article:modified_time\" content=\"2013-11-06T02:15:29+00:00\" \/>\n<meta property=\"og:image\" content=\"http:\/\/proyectosfie.com\/images\/logo_pcb.jpg\" \/>\n<meta name=\"twitter:card\" content=\"summary_large_image\" \/>\n<meta name=\"twitter:site\" content=\"@yoelocmin\" \/>\n<meta name=\"twitter:label1\" content=\"Est. reading time\">\n\t<meta name=\"twitter:data1\" content=\"1 minuto\">\n<script type=\"application\/ld+json\" class=\"yoast-schema-graph\">{\"@context\":\"https:\/\/schema.org\",\"@graph\":[{\"@type\":\"WebSite\",\"@id\":\"https:\/\/proyectosfie.com\/renovado\/#website\",\"url\":\"https:\/\/proyectosfie.com\/renovado\/\",\"name\":\"Proyectosfie\",\"description\":\"Proyectos Electr\\u00f3nicos y M\\u00e1s\",\"potentialAction\":[{\"@type\":\"SearchAction\",\"target\":\"https:\/\/proyectosfie.com\/renovado\/?s={search_term_string}\",\"query-input\":\"required name=search_term_string\"}],\"inLanguage\":\"es\"},{\"@type\":\"ImageObject\",\"@id\":\"http:\/\/proyectosfie.com\/renovado\/electronica\/diseno-de-placas\/#primaryimage\",\"inLanguage\":\"es\",\"url\":\"http:\/\/proyectosfie.com\/images\/logo_pcb.jpg\"},{\"@type\":\"WebPage\",\"@id\":\"http:\/\/proyectosfie.com\/renovado\/electronica\/diseno-de-placas\/#webpage\",\"url\":\"http:\/\/proyectosfie.com\/renovado\/electronica\/diseno-de-placas\/\",\"name\":\"Dise\\u00f1o de Placas - .:: Proyectosfie.Com ::.\",\"isPartOf\":{\"@id\":\"https:\/\/proyectosfie.com\/renovado\/#website\"},\"primaryImageOfPage\":{\"@id\":\"http:\/\/proyectosfie.com\/renovado\/electronica\/diseno-de-placas\/#primaryimage\"},\"datePublished\":\"2013-11-05T06:18:28+00:00\",\"dateModified\":\"2013-11-06T02:15:29+00:00\",\"breadcrumb\":{\"@id\":\"http:\/\/proyectosfie.com\/renovado\/electronica\/diseno-de-placas\/#breadcrumb\"},\"inLanguage\":\"es\",\"potentialAction\":[{\"@type\":\"ReadAction\",\"target\":[\"http:\/\/proyectosfie.com\/renovado\/electronica\/diseno-de-placas\/\"]}]},{\"@type\":\"BreadcrumbList\",\"@id\":\"http:\/\/proyectosfie.com\/renovado\/electronica\/diseno-de-placas\/#breadcrumb\",\"itemListElement\":[{\"@type\":\"ListItem\",\"position\":1,\"item\":{\"@type\":\"WebPage\",\"@id\":\"https:\/\/proyectosfie.com\/renovado\/\",\"url\":\"https:\/\/proyectosfie.com\/renovado\/\",\"name\":\"Home\"}},{\"@type\":\"ListItem\",\"position\":2,\"item\":{\"@type\":\"WebPage\",\"@id\":\"https:\/\/proyectosfie.com\/renovado\/electronica\/\",\"url\":\"https:\/\/proyectosfie.com\/renovado\/electronica\/\",\"name\":\"Electr\\u00f3nica\"}},{\"@type\":\"ListItem\",\"position\":3,\"item\":{\"@type\":\"WebPage\",\"@id\":\"http:\/\/proyectosfie.com\/renovado\/electronica\/diseno-de-placas\/\",\"url\":\"http:\/\/proyectosfie.com\/renovado\/electronica\/diseno-de-placas\/\",\"name\":\"Dise\\u00f1o de Placas\"}}]}]}<\/script>\n<!-- \/ Yoast SEO plugin. -->","_links":{"self":[{"href":"http:\/\/proyectosfie.com\/renovado\/wp-json\/wp\/v2\/pages\/37"}],"collection":[{"href":"http:\/\/proyectosfie.com\/renovado\/wp-json\/wp\/v2\/pages"}],"about":[{"href":"http:\/\/proyectosfie.com\/renovado\/wp-json\/wp\/v2\/types\/page"}],"author":[{"embeddable":true,"href":"http:\/\/proyectosfie.com\/renovado\/wp-json\/wp\/v2\/users\/1"}],"replies":[{"embeddable":true,"href":"http:\/\/proyectosfie.com\/renovado\/wp-json\/wp\/v2\/comments?post=37"}],"version-history":[{"count":4,"href":"http:\/\/proyectosfie.com\/renovado\/wp-json\/wp\/v2\/pages\/37\/revisions"}],"predecessor-version":[{"id":184,"href":"http:\/\/proyectosfie.com\/renovado\/wp-json\/wp\/v2\/pages\/37\/revisions\/184"}],"up":[{"embeddable":true,"href":"http:\/\/proyectosfie.com\/renovado\/wp-json\/wp\/v2\/pages\/25"}],"wp:attachment":[{"href":"http:\/\/proyectosfie.com\/renovado\/wp-json\/wp\/v2\/media?parent=37"}],"curies":[{"name":"wp","href":"https:\/\/api.w.org\/{rel}","templated":true}]}}