{"id":266,"date":"2018-11-13T13:10:40","date_gmt":"2018-11-13T18:10:40","guid":{"rendered":"http:\/\/proyectosfie.com\/renovado\/?page_id=266"},"modified":"2019-01-08T02:12:28","modified_gmt":"2019-01-08T07:12:28","slug":"airmet-report","status":"publish","type":"page","link":"http:\/\/proyectosfie.com\/renovado\/ambiental\/airmet-report\/","title":{"rendered":"AirMet Report"},"content":{"rendered":"<p>AirMet Report, es un aplicativo\/servicio web, de gesti\u00f3n de datos ambientales y meteorol\u00f3gicos,<\/p>\n<p>El mismo que permite la generaci\u00f3n de reportes gr\u00e1ficos, tablas, rosa de viento, rosa de contaminaci\u00f3n, y exportar los datos a Excel en el formato de reporte de d\u00edas x 24 horas.<\/p>\n<p>Puedes ingresar a una demo del aplicativo desde ac\u00e1:\u00a0<a href=\"http:\/\/www.airmetrp.com\/\">http:\/\/www.airmetrp.com<\/a><\/p>\n<p><strong>NOTAS:<\/strong><\/p>\n<ul>\n<li>No es un servicio gratuito. En caso de necesitar mayor detalles contactarse a\u00a0<a href=\"mailto:eyog@proyectosfie.com\">eyog@proyectosfie.com<\/a>\u00a0y\/o\u00a0<a href=\"mailto:yoelocmin@gmail.com\">yoelocmin@gmail.com<\/a><\/li>\n<li>Ha sido testeado con servidores web Apache e IIS (Windows: Server 2012, Server 2016, W7\/W8\/W10 \/Linux: Debian, Ubuntu, RedHat) con soporte PHP desde 5.3\/5.6. Y base de datos MySQL, Maria DB,\u00a0 SQL Server y Express 2012\/2016\/2017.<\/li>\n<li>La base de datos puede alimentarse mediante archivos de texto plano, archivos separados por comas (.dat\/.csv), json, webservices o directamente de bases de datos MySQL\/SQL Server. Y en caso de dataloggers Campbell Scientific, directamente desde el datalogger (Requiere servidor con IP Publica) y\/o offline usando el software Loggernet DataBase.<\/li>\n<li>Ultima version v1.8 (Diciembre 2018)<\/li>\n<\/ul>\n","protected":false},"excerpt":{"rendered":"<p>AirMet Report, es un aplicativo\/servicio web, de gesti\u00f3n de datos ambientales y meteorol\u00f3gicos, El mismo que permite la generaci\u00f3n de reportes gr\u00e1ficos, tablas, rosa de viento, rosa de contaminaci\u00f3n, y exportar los datos a Excel en el formato de reporte de d\u00edas x 24 horas. Puedes ingresar a una demo del aplicativo desde ac\u00e1:\u00a0http:\/\/www.airmetrp.com NOTAS: &hellip; <a href=\"http:\/\/proyectosfie.com\/renovado\/ambiental\/airmet-report\/\" class=\"more-link\">Contin\u00fae leyendo <span class=\"screen-reader-text\">AirMet Report<\/span> <span class=\"meta-nav\">&rarr;<\/span><\/a><\/p>\n","protected":false},"author":1,"featured_media":0,"parent":264,"menu_order":0,"comment_status":"closed","ping_status":"closed","template":"","meta":[],"yoast_head":"<!-- This site is optimized with the Yoast SEO plugin v15.9.2 - https:\/\/yoast.com\/wordpress\/plugins\/seo\/ -->\n<link rel=\"canonical\" href=\"http:\/\/proyectosfie.com\/renovado\/ambiental\/airmet-report\/\" \/>\n<meta property=\"og:locale\" content=\"es_ES\" \/>\n<meta property=\"og:type\" content=\"article\" \/>\n<meta property=\"og:title\" content=\"AirMet Report - .:: Proyectosfie.Com ::.\" \/>\n<meta property=\"og:description\" content=\"AirMet Report, es un aplicativo\/servicio web, de gesti\u00f3n de datos ambientales y meteorol\u00f3gicos, El mismo que permite la generaci\u00f3n de reportes gr\u00e1ficos, tablas, rosa de viento, rosa de contaminaci\u00f3n, y exportar los datos a Excel en el formato de reporte de d\u00edas x 24 horas. Puedes ingresar a una demo del aplicativo desde ac\u00e1:\u00a0http:\/\/www.airmetrp.com NOTAS: &hellip; Contin\u00fae leyendo AirMet Report &rarr;\" \/>\n<meta property=\"og:url\" content=\"http:\/\/proyectosfie.com\/renovado\/ambiental\/airmet-report\/\" \/>\n<meta property=\"og:site_name\" content=\".:: Proyectosfie.Com ::.\" \/>\n<meta property=\"article:publisher\" content=\"http:\/\/facebook.com\/yocmin\" \/>\n<meta property=\"article:modified_time\" content=\"2019-01-08T07:12:28+00:00\" \/>\n<meta name=\"twitter:card\" content=\"summary_large_image\" \/>\n<meta name=\"twitter:site\" content=\"@yoelocmin\" \/>\n<meta name=\"twitter:label1\" content=\"Est. reading time\">\n\t<meta name=\"twitter:data1\" content=\"1 minuto\">\n<script type=\"application\/ld+json\" class=\"yoast-schema-graph\">{\"@context\":\"https:\/\/schema.org\",\"@graph\":[{\"@type\":\"WebSite\",\"@id\":\"http:\/\/proyectosfie.com\/renovado\/#website\",\"url\":\"http:\/\/proyectosfie.com\/renovado\/\",\"name\":\"Proyectosfie\",\"description\":\"Proyectos Electr\\u00f3nicos y M\\u00e1s\",\"potentialAction\":[{\"@type\":\"SearchAction\",\"target\":\"http:\/\/proyectosfie.com\/renovado\/?s={search_term_string}\",\"query-input\":\"required name=search_term_string\"}],\"inLanguage\":\"es\"},{\"@type\":\"WebPage\",\"@id\":\"http:\/\/proyectosfie.com\/renovado\/ambiental\/airmet-report\/#webpage\",\"url\":\"http:\/\/proyectosfie.com\/renovado\/ambiental\/airmet-report\/\",\"name\":\"AirMet Report - .:: Proyectosfie.Com ::.\",\"isPartOf\":{\"@id\":\"http:\/\/proyectosfie.com\/renovado\/#website\"},\"datePublished\":\"2018-11-13T18:10:40+00:00\",\"dateModified\":\"2019-01-08T07:12:28+00:00\",\"breadcrumb\":{\"@id\":\"http:\/\/proyectosfie.com\/renovado\/ambiental\/airmet-report\/#breadcrumb\"},\"inLanguage\":\"es\",\"potentialAction\":[{\"@type\":\"ReadAction\",\"target\":[\"http:\/\/proyectosfie.com\/renovado\/ambiental\/airmet-report\/\"]}]},{\"@type\":\"BreadcrumbList\",\"@id\":\"http:\/\/proyectosfie.com\/renovado\/ambiental\/airmet-report\/#breadcrumb\",\"itemListElement\":[{\"@type\":\"ListItem\",\"position\":1,\"item\":{\"@type\":\"WebPage\",\"@id\":\"http:\/\/proyectosfie.com\/renovado\/\",\"url\":\"http:\/\/proyectosfie.com\/renovado\/\",\"name\":\"Home\"}},{\"@type\":\"ListItem\",\"position\":2,\"item\":{\"@type\":\"WebPage\",\"@id\":\"http:\/\/proyectosfie.com\/renovado\/ambiental\/\",\"url\":\"http:\/\/proyectosfie.com\/renovado\/ambiental\/\",\"name\":\"Ambiental\"}},{\"@type\":\"ListItem\",\"position\":3,\"item\":{\"@type\":\"WebPage\",\"@id\":\"http:\/\/proyectosfie.com\/renovado\/ambiental\/airmet-report\/\",\"url\":\"http:\/\/proyectosfie.com\/renovado\/ambiental\/airmet-report\/\",\"name\":\"AirMet Report\"}}]}]}<\/script>\n<!-- \/ Yoast SEO plugin. -->","_links":{"self":[{"href":"http:\/\/proyectosfie.com\/renovado\/wp-json\/wp\/v2\/pages\/266"}],"collection":[{"href":"http:\/\/proyectosfie.com\/renovado\/wp-json\/wp\/v2\/pages"}],"about":[{"href":"http:\/\/proyectosfie.com\/renovado\/wp-json\/wp\/v2\/types\/page"}],"author":[{"embeddable":true,"href":"http:\/\/proyectosfie.com\/renovado\/wp-json\/wp\/v2\/users\/1"}],"replies":[{"embeddable":true,"href":"http:\/\/proyectosfie.com\/renovado\/wp-json\/wp\/v2\/comments?post=266"}],"version-history":[{"count":3,"href":"http:\/\/proyectosfie.com\/renovado\/wp-json\/wp\/v2\/pages\/266\/revisions"}],"predecessor-version":[{"id":306,"href":"http:\/\/proyectosfie.com\/renovado\/wp-json\/wp\/v2\/pages\/266\/revisions\/306"}],"up":[{"embeddable":true,"href":"http:\/\/proyectosfie.com\/renovado\/wp-json\/wp\/v2\/pages\/264"}],"wp:attachment":[{"href":"http:\/\/proyectosfie.com\/renovado\/wp-json\/wp\/v2\/media?parent=266"}],"curies":[{"name":"wp","href":"https:\/\/api.w.org\/{rel}","templated":true}]}}