{"id":22,"date":"2013-11-05T01:14:48","date_gmt":"2013-11-05T06:14:48","guid":{"rendered":"http:\/\/proyectosfie.com\/renovado\/?page_id=22"},"modified":"2013-11-05T01:16:10","modified_gmt":"2013-11-05T06:16:10","slug":"visual-basic","status":"publish","type":"page","link":"http:\/\/proyectosfie.com\/renovado\/programacion\/visual-basic\/","title":{"rendered":"Visual Basic"},"content":{"rendered":"<h2 align=\"center\">VISUAL BASIC<\/h2>\n<p align=\"justify\">Para poder desarrollar manejo de puertos en Visual Basic, se requiere utilizar librer\u00edas adicionales, en este caso utilizamos 2 el\u00a0<strong>ntportev y el inpout32<\/strong>, mayor explicaci\u00f3n en la secci\u00f3n puertos.<\/p>\n<p align=\"justify\">Aqu\u00ed tengo algunos Ejemplos de Programas desarrollados por Nosotros, para distintas asignaturas, donde manejamos el Puerto Paralelo y el puerto serial Serial (Pr\u00f3ximamente pondr\u00e9 documentaci\u00f3n sobre como usarlo en Visual Basic)<\/p>\n<table width=\"530\" border=\"1\" cellspacing=\"0\" cellpadding=\"0\" align=\"center\">\n<tbody>\n<tr>\n<td rowspan=\"2\" width=\"250\">\n<div align=\"center\">T\u00cdTULO DEL PROYECTO<\/div>\n<\/td>\n<td rowspan=\"2\" width=\"111\">\n<div align=\"center\">AUTORES<\/div>\n<\/td>\n<td colspan=\"3\">\n<div align=\"center\">DESCARGAR\u00a0(Formatos)<\/div>\n<\/td>\n<\/tr>\n<tr>\n<td width=\"52\">\n<div align=\"center\">( PDF)<\/div>\n<\/td>\n<td width=\"52\">\n<div align=\"center\">(ZIP)<\/div>\n<\/td>\n<td width=\"53\">\n<div align=\"center\">(EXE)<\/div>\n<\/td>\n<\/tr>\n<tr>\n<td width=\"250\"><strong>Manejando y simulando el Puerto desde Visual Basic<\/strong><\/td>\n<td width=\"111\">\n<div align=\"center\"><strong>Yoel Ocm\u00edn<\/strong><\/div>\n<\/td>\n<td>\n<div align=\"center\"><a href=\"http:\/\/proyectosfie.com\/html\/documentos\/proteus\/ComenzandoLPT.pdf\"><img loading=\"lazy\" alt=\"\" src=\"http:\/\/proyectosfie.com\/html\/acrobat.jpg\" width=\"32\" height=\"32\" border=\"0\" \/><\/a><\/div>\n<\/td>\n<td>\n<div align=\"center\"><a href=\"http:\/\/proyectosfie.com\/html\/documentos\/proteus\/EmpezandoLPT.zip\"><img loading=\"lazy\" alt=\"\" src=\"http:\/\/proyectosfie.com\/html\/zip.gif\" width=\"30\" height=\"34\" border=\"0\" \/><\/a><\/div>\n<\/td>\n<td><\/td>\n<\/tr>\n<tr>\n<td width=\"250\"><strong>PPI controlado por la PC manejado desde VB, y aprovechando mis librerias de Proteus, tambien simulable Ejecutable, codigo Fuente, Asi como explicacion en un solo Paquete<\/strong><\/td>\n<td width=\"111\">\n<div align=\"center\"><strong>Yoel Ocm\u00edn<\/strong><\/div>\n<\/td>\n<td>\n<div align=\"center\"><a href=\"http:\/\/proyectosfie.com\/html\/documentos\/PPI\/ControlPPIxVB.zip\"><img loading=\"lazy\" alt=\"\" src=\"http:\/\/proyectosfie.com\/html\/zip.gif\" width=\"32\" height=\"29\" border=\"0\" \/><\/a><\/div>\n<\/td>\n<td>\n<div align=\"center\"><a href=\"http:\/\/proyectosfie.com\/html\/documentos\/PPI\/ControlPPIxVB.zip\"><img loading=\"lazy\" alt=\"\" src=\"http:\/\/proyectosfie.com\/html\/zip.gif\" width=\"32\" height=\"29\" border=\"0\" \/><\/a><\/div>\n<\/td>\n<td><\/td>\n<\/tr>\n<tr>\n<td width=\"250\"><strong>Veh\u00edculo controlado por una computadora a\u00a0<\/strong><strong>\u00a0trav\u00e9s del puerto 378H. Direcci\u00f3n y sentido\u00a0<\/strong><strong>\u00a0de giro, adem\u00e1s de una luz auxiliar.<\/strong><\/td>\n<td width=\"111\">\n<div align=\"center\"><strong>Carlos A. Sam<\/strong><\/div>\n<\/td>\n<td><\/td>\n<td><\/td>\n<td><\/td>\n<\/tr>\n<tr>\n<td width=\"250\"><strong>PID, discreto, para control de Motor DC, con interfaz grafica tipo Osciloscopio, posibilidad de imprimir y guardar en otros Formatos<\/strong><\/td>\n<td width=\"111\">\n<div align=\"center\"><strong>Yoel Ocm\u00edn<\/strong><\/div>\n<\/td>\n<td><\/td>\n<td><\/td>\n<td>\n<div align=\"center\"><a href=\"http:\/\/proyectosfie.com\/html\/download\/VB\/PIDMotorDC.exe\"><img loading=\"lazy\" alt=\"\" src=\"http:\/\/proyectosfie.com\/html\/ejecutable.gif\" width=\"32\" height=\"29\" border=\"0\" \/><\/a><\/div>\n<\/td>\n<\/tr>\n<tr>\n<td width=\"250\"><strong>Librer\u00eda y C\u00f3digo Fuente, para manejar la PC, desde 98\/2000\/Xp<\/strong><\/td>\n<td colspan=\"4\">\n<div align=\"center\"><a href=\"http:\/\/proyectosfie.com\/html\/download\/InpOut32.zip\">InpOut32<\/a><\/div>\n<div align=\"center\"><\/div>\n<div align=\"center\"><\/div>\n<div align=\"center\"><\/div>\n<\/td>\n<\/tr>\n<tr>\n<td width=\"250\"><strong>Prueba inout98.dll (Creado en Asm, en VB) lo llamamos Probe98VB.exe<\/strong><\/td>\n<td width=\"111\">\n<div align=\"center\"><strong>Yoel Ocm\u00edn<\/strong><\/div>\n<\/td>\n<td><\/td>\n<td>\n<div align=\"center\"><a href=\"http:\/\/proyectosfie.com\/html\/documentos\/VB\/Probe98VB.zip\"><img loading=\"lazy\" alt=\"\" src=\"http:\/\/proyectosfie.com\/html\/Zip.gif\" width=\"30\" height=\"34\" border=\"0\" \/><\/a><\/div>\n<\/td>\n<td>\n<div align=\"center\"><a href=\"http:\/\/proyectosfie.com\/html\/download\/VB\/Probe98VB.exe\"><img loading=\"lazy\" alt=\"\" src=\"http:\/\/proyectosfie.com\/html\/ejecutable.gif\" width=\"32\" height=\"29\" border=\"0\" \/><\/a><\/div>\n<\/td>\n<\/tr>\n<tr>\n<td width=\"250\"><strong>Usando el Puerto Serial, lo usamos como un hipeterminal, donde se ven los datos que entran por el buffer de Rx del Puerto Serial.<\/strong><\/td>\n<td width=\"111\">\n<div align=\"center\"><strong>Yoel Ocm\u00edn<\/strong><\/div>\n<\/td>\n<td><\/td>\n<td>\n<div align=\"center\"><a href=\"http:\/\/proyectosfie.com\/html\/documentos\/VB\/RS232_hipeterminal.zip\"><img loading=\"lazy\" alt=\"\" src=\"http:\/\/proyectosfie.com\/html\/Zip.gif\" width=\"30\" height=\"34\" border=\"0\" \/><\/a><\/div>\n<\/td>\n<td>\n<div align=\"center\"><a href=\"http:\/\/proyectosfie.com\/html\/download\/VB\/RS232_hipeterminal.exe\"><img loading=\"lazy\" alt=\"\" src=\"http:\/\/proyectosfie.com\/html\/ejecutable.gif\" width=\"32\" height=\"29\" border=\"0\" \/><\/a><\/div>\n<\/td>\n<\/tr>\n<tr>\n<td><strong>Control de un Movil por PC -RF Usnado un PIC, aqui el programa que controla desde la PC<\/strong><\/td>\n<td>\n<div align=\"center\"><strong>Yoel Ocm\u00edn<\/strong><\/div>\n<\/td>\n<td><\/td>\n<td>\n<div align=\"center\"><a href=\"http:\/\/proyectosfie.com\/html\/documentos\/VB\/rf.zip\"><img loading=\"lazy\" alt=\"\" src=\"http:\/\/proyectosfie.com\/html\/Zip.gif\" width=\"30\" height=\"34\" border=\"0\" \/><\/a><\/div>\n<\/td>\n<td>\n<div align=\"center\"><a href=\"http:\/\/proyectosfie.com\/html\/download\/VB\/rf.exe\"><img loading=\"lazy\" alt=\"\" src=\"http:\/\/proyectosfie.com\/html\/ejecutable.gif\" width=\"32\" height=\"29\" border=\"0\" \/><\/a><\/div>\n<\/td>\n<\/tr>\n<tr>\n<td><strong>Librer\u00edas para el manejo de puertos<\/strong><strong>en Visual Basic<\/strong><\/td>\n<td>\n<div align=\"center\"><strong>ntportev<\/strong><\/div>\n<\/td>\n<td colspan=\"3\">\n<div align=\"center\"><a href=\"http:\/\/proyectosfie.com\/html\/download\/ntportev.zip\">Descargar Software<\/a><\/div>\n<\/td>\n<\/tr>\n<tr>\n<td><strong>Drivers\u00a0 para el manejo de puertos<\/strong><strong>en Visual Basic<\/strong><\/td>\n<td>\n<div align=\"center\"><strong>Drivers Puerto<\/strong><\/div>\n<\/td>\n<td colspan=\"3\">\n<div align=\"center\"><a href=\"http:\/\/proyectosfie.com\/html\/download\/DriversPuerto.exe\">Instala las 2 Librerias y Drivers Anteriore en su PC<\/a><\/div>\n<\/td>\n<\/tr>\n<\/tbody>\n<\/table>\n","protected":false},"excerpt":{"rendered":"<p>VISUAL BASIC Para poder desarrollar manejo de puertos en Visual Basic, se requiere utilizar librer\u00edas adicionales, en este caso utilizamos 2 el\u00a0ntportev y el inpout32, mayor explicaci\u00f3n en la secci\u00f3n puertos. Aqu\u00ed tengo algunos Ejemplos de Programas desarrollados por Nosotros, para distintas asignaturas, donde manejamos el Puerto Paralelo y el puerto serial Serial (Pr\u00f3ximamente pondr\u00e9 &hellip; <a href=\"http:\/\/proyectosfie.com\/renovado\/programacion\/visual-basic\/\" class=\"more-link\">Contin\u00fae leyendo <span class=\"screen-reader-text\">Visual Basic<\/span> <span class=\"meta-nav\">&rarr;<\/span><\/a><\/p>\n","protected":false},"author":1,"featured_media":0,"parent":23,"menu_order":0,"comment_status":"open","ping_status":"open","template":"","meta":[],"yoast_head":"<!-- This site is optimized with the Yoast SEO plugin v15.9.2 - https:\/\/yoast.com\/wordpress\/plugins\/seo\/ -->\n<link rel=\"canonical\" href=\"http:\/\/proyectosfie.com\/renovado\/programacion\/visual-basic\/\" \/>\n<meta property=\"og:locale\" content=\"es_ES\" \/>\n<meta property=\"og:type\" content=\"article\" \/>\n<meta property=\"og:title\" content=\"Visual Basic - .:: Proyectosfie.Com ::.\" \/>\n<meta property=\"og:description\" content=\"VISUAL BASIC Para poder desarrollar manejo de puertos en Visual Basic, se requiere utilizar librer\u00edas adicionales, en este caso utilizamos 2 el\u00a0ntportev y el inpout32, mayor explicaci\u00f3n en la secci\u00f3n puertos. Aqu\u00ed tengo algunos Ejemplos de Programas desarrollados por Nosotros, para distintas asignaturas, donde manejamos el Puerto Paralelo y el puerto serial Serial (Pr\u00f3ximamente pondr\u00e9 &hellip; Contin\u00fae leyendo Visual Basic &rarr;\" \/>\n<meta property=\"og:url\" content=\"http:\/\/proyectosfie.com\/renovado\/programacion\/visual-basic\/\" \/>\n<meta property=\"og:site_name\" content=\".:: Proyectosfie.Com ::.\" \/>\n<meta property=\"article:publisher\" content=\"http:\/\/facebook.com\/yocmin\" \/>\n<meta property=\"article:modified_time\" content=\"2013-11-05T06:16:10+00:00\" \/>\n<meta property=\"og:image\" content=\"http:\/\/proyectosfie.com\/html\/acrobat.jpg\" \/>\n<meta name=\"twitter:card\" content=\"summary_large_image\" \/>\n<meta name=\"twitter:site\" content=\"@yoelocmin\" \/>\n<meta name=\"twitter:label1\" content=\"Est. reading time\">\n\t<meta name=\"twitter:data1\" content=\"1 minuto\">\n<script type=\"application\/ld+json\" class=\"yoast-schema-graph\">{\"@context\":\"https:\/\/schema.org\",\"@graph\":[{\"@type\":\"WebSite\",\"@id\":\"http:\/\/proyectosfie.com\/renovado\/#website\",\"url\":\"http:\/\/proyectosfie.com\/renovado\/\",\"name\":\"Proyectosfie\",\"description\":\"Proyectos Electr\\u00f3nicos y M\\u00e1s\",\"potentialAction\":[{\"@type\":\"SearchAction\",\"target\":\"http:\/\/proyectosfie.com\/renovado\/?s={search_term_string}\",\"query-input\":\"required name=search_term_string\"}],\"inLanguage\":\"es\"},{\"@type\":\"ImageObject\",\"@id\":\"http:\/\/proyectosfie.com\/renovado\/programacion\/visual-basic\/#primaryimage\",\"inLanguage\":\"es\",\"url\":\"http:\/\/proyectosfie.com\/html\/acrobat.jpg\"},{\"@type\":\"WebPage\",\"@id\":\"http:\/\/proyectosfie.com\/renovado\/programacion\/visual-basic\/#webpage\",\"url\":\"http:\/\/proyectosfie.com\/renovado\/programacion\/visual-basic\/\",\"name\":\"Visual Basic - .:: Proyectosfie.Com ::.\",\"isPartOf\":{\"@id\":\"http:\/\/proyectosfie.com\/renovado\/#website\"},\"primaryImageOfPage\":{\"@id\":\"http:\/\/proyectosfie.com\/renovado\/programacion\/visual-basic\/#primaryimage\"},\"datePublished\":\"2013-11-05T06:14:48+00:00\",\"dateModified\":\"2013-11-05T06:16:10+00:00\",\"breadcrumb\":{\"@id\":\"http:\/\/proyectosfie.com\/renovado\/programacion\/visual-basic\/#breadcrumb\"},\"inLanguage\":\"es\",\"potentialAction\":[{\"@type\":\"ReadAction\",\"target\":[\"http:\/\/proyectosfie.com\/renovado\/programacion\/visual-basic\/\"]}]},{\"@type\":\"BreadcrumbList\",\"@id\":\"http:\/\/proyectosfie.com\/renovado\/programacion\/visual-basic\/#breadcrumb\",\"itemListElement\":[{\"@type\":\"ListItem\",\"position\":1,\"item\":{\"@type\":\"WebPage\",\"@id\":\"http:\/\/proyectosfie.com\/renovado\/\",\"url\":\"http:\/\/proyectosfie.com\/renovado\/\",\"name\":\"Home\"}},{\"@type\":\"ListItem\",\"position\":2,\"item\":{\"@type\":\"WebPage\",\"@id\":\"http:\/\/proyectosfie.com\/renovado\/programacion\/\",\"url\":\"http:\/\/proyectosfie.com\/renovado\/programacion\/\",\"name\":\"Programacion\"}},{\"@type\":\"ListItem\",\"position\":3,\"item\":{\"@type\":\"WebPage\",\"@id\":\"http:\/\/proyectosfie.com\/renovado\/programacion\/visual-basic\/\",\"url\":\"http:\/\/proyectosfie.com\/renovado\/programacion\/visual-basic\/\",\"name\":\"Visual Basic\"}}]}]}<\/script>\n<!-- \/ Yoast SEO plugin. -->","_links":{"self":[{"href":"http:\/\/proyectosfie.com\/renovado\/wp-json\/wp\/v2\/pages\/22"}],"collection":[{"href":"http:\/\/proyectosfie.com\/renovado\/wp-json\/wp\/v2\/pages"}],"about":[{"href":"http:\/\/proyectosfie.com\/renovado\/wp-json\/wp\/v2\/types\/page"}],"author":[{"embeddable":true,"href":"http:\/\/proyectosfie.com\/renovado\/wp-json\/wp\/v2\/users\/1"}],"replies":[{"embeddable":true,"href":"http:\/\/proyectosfie.com\/renovado\/wp-json\/wp\/v2\/comments?post=22"}],"version-history":[{"count":3,"href":"http:\/\/proyectosfie.com\/renovado\/wp-json\/wp\/v2\/pages\/22\/revisions"}],"predecessor-version":[{"id":35,"href":"http:\/\/proyectosfie.com\/renovado\/wp-json\/wp\/v2\/pages\/22\/revisions\/35"}],"up":[{"embeddable":true,"href":"http:\/\/proyectosfie.com\/renovado\/wp-json\/wp\/v2\/pages\/23"}],"wp:attachment":[{"href":"http:\/\/proyectosfie.com\/renovado\/wp-json\/wp\/v2\/media?parent=22"}],"curies":[{"name":"wp","href":"https:\/\/api.w.org\/{rel}","templated":true}]}}