{"id":17,"date":"2013-11-05T01:05:16","date_gmt":"2013-11-05T06:05:16","guid":{"rendered":"http:\/\/proyectosfie.com\/renovado\/?page_id=17"},"modified":"2021-03-09T00:41:37","modified_gmt":"2021-03-09T05:41:37","slug":"microcontroladores","status":"publish","type":"page","link":"http:\/\/proyectosfie.com\/renovado\/microcontroladores\/","title":{"rendered":"Microcontroladores"},"content":{"rendered":"<p align=\"center\"><img loading=\"lazy\" class=\"alignnone\" alt=\"\" src=\"http:\/\/proyectosfie.com\/images\/micros_intro.jpg\" width=\"345\" height=\"150\"><\/p>\n<p align=\"center\"><strong>.: LOS MICROCONTROLADORES :.<\/strong><\/p>\n<div>A la fecha hablar de los microcontroladores es algo muy com\u00fan en nuestras vidas, los encontramos en m\u00faltiples soluciones cuya caracter\u00edstica de funci\u00f3n espec\u00edfica hace importante su esencial requerimiento. En el mercado existen muchas marcas que dise\u00f1an sus propios microcontroladores y a ello sumado el uso de m\u00faltiples lenguajes ha logrado una asombrosa diversificaci\u00f3n de las mismas en la forma de programar, compilar y visualizar resultados que nos conducir\u00e1n al desarrollo de nuestras aplicaciones.<\/div>\n<div><\/div>\n<p style=\"text-align: center;\" align=\"center\"><strong><a href=\"\/renovado\/microcontroladores\/\">Arduino<\/a>&nbsp;&#8211;<\/strong> <a href=\"\/renovado\/microcontroladores\/pic-dspic\"><strong>MICROCHIP- PIC y dsPiC<\/strong><\/a>&nbsp; &#8211; &nbsp;&nbsp;<a href=\"\/renovado\/microcontroladores\/atmel\"><strong>ATMEL<\/strong><\/a> &#8211; &nbsp;&nbsp;<a href=\"\/renovado\/microcontroladores\/motorola-freescale\"><strong>Motorola Freescale<\/strong><\/a><\/p>\n<p align=\"center\"><img loading=\"lazy\" style=\"line-height: 1.714285714; font-size: 1rem;\" alt=\"\" src=\"http:\/\/proyectosfie.com\/html\/microchip_logo.png\" width=\"155\" height=\"97\"><img loading=\"lazy\" style=\"line-height: 1.714285714; font-size: 1rem;\" alt=\"\" src=\"http:\/\/proyectosfie.com\/html\/freescale_logo.gif\" width=\"258\" height=\"97\"><img loading=\"lazy\" style=\"line-height: 1.714285714; font-size: 1rem;\" alt=\"\" src=\"http:\/\/proyectosfie.com\/html\/atmel_logo.jpg\" width=\"199\" height=\"97\"><\/p>\n<p align=\"center\"><img loading=\"lazy\" alt=\"\" src=\"http:\/\/proyectosfie.com\/html\/intel_logo.jpg\" width=\"103\" height=\"77\"><img loading=\"lazy\" alt=\"\" src=\"http:\/\/proyectosfie.com\/html\/parallax_logo.jpg\" width=\"216\" height=\"77\"><img loading=\"lazy\" alt=\"\" src=\"http:\/\/proyectosfie.com\/html\/ti_logo.jpg\" width=\"231\" height=\"77\"><\/p>\n<p align=\"justify\">Aqui presento un resumen de los diferentes compiladores a la fecha usado en diferentes plataformas (Windows y Linux) con sus propios lenguajes de programaci\u00f3n:<\/p>\n<p align=\"left\"><img loading=\"lazy\" alt=\"\" src=\"http:\/\/proyectosfie.com\/html\/comp_windows.JPG\" width=\"795\" height=\"596\"><\/p>\n<p align=\"justify\"><img loading=\"lazy\" alt=\"\" src=\"http:\/\/proyectosfie.com\/html\/comp_linux.JPG\" width=\"795\" height=\"596\"><\/p>\n\n\n<figure class=\"wp-block-embed-wordpress wp-block-embed is-type-wp-embed is-provider-proyectosfie-com\"><div class=\"wp-block-embed__wrapper\">\n<blockquote class=\"wp-embedded-content\" data-secret=\"BrNWwREtun\"><a href=\"http:\/\/proyectosfie.com\/renovado\/2021\/03\/09\/manejando-paneles-flexibles-ws2812b\/\">Manejando paneles flexibles WS2812B<\/a><\/blockquote><iframe class=\"wp-embedded-content\" sandbox=\"allow-scripts\" security=\"restricted\" style=\"position: absolute; clip: rect(1px, 1px, 1px, 1px);\" title=\"&#8220;Manejando paneles flexibles WS2812B&#8221; &#8212; .:: Proyectosfie.Com ::.\" src=\"http:\/\/proyectosfie.com\/renovado\/2021\/03\/09\/manejando-paneles-flexibles-ws2812b\/embed\/#?secret=BrNWwREtun\" data-secret=\"BrNWwREtun\" width=\"474\" height=\"267\" frameborder=\"0\" marginwidth=\"0\" marginheight=\"0\" scrolling=\"no\"><\/iframe>\n<\/div><\/figure>\n","protected":false},"excerpt":{"rendered":"<p>.: LOS MICROCONTROLADORES :. A la fecha hablar de los microcontroladores es algo muy com\u00fan en nuestras vidas, los encontramos en m\u00faltiples soluciones cuya caracter\u00edstica de funci\u00f3n espec\u00edfica hace importante su esencial requerimiento. En el mercado existen muchas marcas que dise\u00f1an sus propios microcontroladores y a ello sumado el uso de m\u00faltiples lenguajes ha logrado &hellip; <a href=\"http:\/\/proyectosfie.com\/renovado\/microcontroladores\/\" class=\"more-link\">Contin\u00fae leyendo <span class=\"screen-reader-text\">Microcontroladores<\/span> <span class=\"meta-nav\">&rarr;<\/span><\/a><\/p>\n","protected":false},"author":1,"featured_media":0,"parent":0,"menu_order":0,"comment_status":"open","ping_status":"open","template":"","meta":[],"yoast_head":"<!-- This site is optimized with the Yoast SEO plugin v15.9.2 - https:\/\/yoast.com\/wordpress\/plugins\/seo\/ -->\n<link rel=\"canonical\" href=\"http:\/\/proyectosfie.com\/renovado\/microcontroladores\/\" \/>\n<meta property=\"og:locale\" content=\"es_ES\" \/>\n<meta property=\"og:type\" content=\"article\" \/>\n<meta property=\"og:title\" content=\"Microcontroladores - .:: Proyectosfie.Com ::.\" \/>\n<meta property=\"og:description\" content=\".: LOS MICROCONTROLADORES :. A la fecha hablar de los microcontroladores es algo muy com\u00fan en nuestras vidas, los encontramos en m\u00faltiples soluciones cuya caracter\u00edstica de funci\u00f3n espec\u00edfica hace importante su esencial requerimiento. En el mercado existen muchas marcas que dise\u00f1an sus propios microcontroladores y a ello sumado el uso de m\u00faltiples lenguajes ha logrado &hellip; Contin\u00fae leyendo Microcontroladores &rarr;\" \/>\n<meta property=\"og:url\" content=\"http:\/\/proyectosfie.com\/renovado\/microcontroladores\/\" \/>\n<meta property=\"og:site_name\" content=\".:: Proyectosfie.Com ::.\" \/>\n<meta property=\"article:publisher\" content=\"http:\/\/facebook.com\/yocmin\" \/>\n<meta property=\"article:modified_time\" content=\"2021-03-09T05:41:37+00:00\" \/>\n<meta property=\"og:image\" content=\"http:\/\/proyectosfie.com\/images\/micros_intro.jpg\" \/>\n<meta name=\"twitter:card\" content=\"summary_large_image\" \/>\n<meta name=\"twitter:site\" content=\"@yoelocmin\" \/>\n<meta name=\"twitter:label1\" content=\"Est. reading time\">\n\t<meta name=\"twitter:data1\" content=\"1 minuto\">\n<script type=\"application\/ld+json\" class=\"yoast-schema-graph\">{\"@context\":\"https:\/\/schema.org\",\"@graph\":[{\"@type\":\"WebSite\",\"@id\":\"https:\/\/proyectosfie.com\/renovado\/#website\",\"url\":\"https:\/\/proyectosfie.com\/renovado\/\",\"name\":\"Proyectosfie\",\"description\":\"Proyectos Electr\\u00f3nicos y M\\u00e1s\",\"potentialAction\":[{\"@type\":\"SearchAction\",\"target\":\"https:\/\/proyectosfie.com\/renovado\/?s={search_term_string}\",\"query-input\":\"required name=search_term_string\"}],\"inLanguage\":\"es\"},{\"@type\":\"ImageObject\",\"@id\":\"http:\/\/proyectosfie.com\/renovado\/microcontroladores\/#primaryimage\",\"inLanguage\":\"es\",\"url\":\"http:\/\/proyectosfie.com\/images\/micros_intro.jpg\"},{\"@type\":\"WebPage\",\"@id\":\"http:\/\/proyectosfie.com\/renovado\/microcontroladores\/#webpage\",\"url\":\"http:\/\/proyectosfie.com\/renovado\/microcontroladores\/\",\"name\":\"Microcontroladores - .:: Proyectosfie.Com ::.\",\"isPartOf\":{\"@id\":\"https:\/\/proyectosfie.com\/renovado\/#website\"},\"primaryImageOfPage\":{\"@id\":\"http:\/\/proyectosfie.com\/renovado\/microcontroladores\/#primaryimage\"},\"datePublished\":\"2013-11-05T06:05:16+00:00\",\"dateModified\":\"2021-03-09T05:41:37+00:00\",\"breadcrumb\":{\"@id\":\"http:\/\/proyectosfie.com\/renovado\/microcontroladores\/#breadcrumb\"},\"inLanguage\":\"es\",\"potentialAction\":[{\"@type\":\"ReadAction\",\"target\":[\"http:\/\/proyectosfie.com\/renovado\/microcontroladores\/\"]}]},{\"@type\":\"BreadcrumbList\",\"@id\":\"http:\/\/proyectosfie.com\/renovado\/microcontroladores\/#breadcrumb\",\"itemListElement\":[{\"@type\":\"ListItem\",\"position\":1,\"item\":{\"@type\":\"WebPage\",\"@id\":\"https:\/\/proyectosfie.com\/renovado\/\",\"url\":\"https:\/\/proyectosfie.com\/renovado\/\",\"name\":\"Home\"}},{\"@type\":\"ListItem\",\"position\":2,\"item\":{\"@type\":\"WebPage\",\"@id\":\"http:\/\/proyectosfie.com\/renovado\/microcontroladores\/\",\"url\":\"http:\/\/proyectosfie.com\/renovado\/microcontroladores\/\",\"name\":\"Microcontroladores\"}}]}]}<\/script>\n<!-- \/ Yoast SEO plugin. -->","_links":{"self":[{"href":"http:\/\/proyectosfie.com\/renovado\/wp-json\/wp\/v2\/pages\/17"}],"collection":[{"href":"http:\/\/proyectosfie.com\/renovado\/wp-json\/wp\/v2\/pages"}],"about":[{"href":"http:\/\/proyectosfie.com\/renovado\/wp-json\/wp\/v2\/types\/page"}],"author":[{"embeddable":true,"href":"http:\/\/proyectosfie.com\/renovado\/wp-json\/wp\/v2\/users\/1"}],"replies":[{"embeddable":true,"href":"http:\/\/proyectosfie.com\/renovado\/wp-json\/wp\/v2\/comments?post=17"}],"version-history":[{"count":7,"href":"http:\/\/proyectosfie.com\/renovado\/wp-json\/wp\/v2\/pages\/17\/revisions"}],"predecessor-version":[{"id":333,"href":"http:\/\/proyectosfie.com\/renovado\/wp-json\/wp\/v2\/pages\/17\/revisions\/333"}],"wp:attachment":[{"href":"http:\/\/proyectosfie.com\/renovado\/wp-json\/wp\/v2\/media?parent=17"}],"curies":[{"name":"wp","href":"https:\/\/api.w.org\/{rel}","templated":true}]}}